{"id":103,"date":"2015-03-04T22:07:27","date_gmt":"2015-03-04T21:07:27","guid":{"rendered":"http:\/\/localhost\/wordpress\/en\/?page_id=103"},"modified":"2015-06-04T13:50:22","modified_gmt":"2015-06-04T11:50:22","slug":"works","status":"publish","type":"page","link":"http:\/\/manonliuwinter.at\/en\/works\/","title":{"rendered":"Works"},"content":{"rendered":"<div class=\"wc-shortcodes-accordion wc-shortcodes-item wc-shortcodes-accordion-collapse wc-shortcodes-accordion-layout-box\" data-behavior=\"autoclose\" data-start-state=\"collapse\">\n<div class=\"wc-shortcodes-accordion-trigger \"><a href=\"#\">2012 &#8211; INSITE 4<\/a><\/div>\n<div class=\"wc-shortcodes-accordion-content-wrapper\">\n<div class=\"wc-shortcodes-accordion-content wc-shortcodes-content\">\n<p style=\"text-align: center;\">INSITE 4<\/p>\n<p style=\"text-align: center;\">15 min Piano solo and prerecorded sounds<\/p>\n<p style=\"text-align: center;\"><a title=\"http:\/\/www.anothertimbre.com\/anonymouszonearchive.html\" href=\"http:\/\/www.anothertimbre.com\/anonymouszonearchive.html\" target=\"_blank\">The Anonymous Zone<\/a><\/p>\n<\/div>\n<\/div>\n<div class=\"wc-shortcodes-accordion-trigger \"><a href=\"#\">2011 &#8211; 7 lost words<\/a><\/div>\n<div class=\"wc-shortcodes-accordion-content-wrapper\">\n<div class=\"wc-shortcodes-accordion-content wc-shortcodes-content\">\n<p style=\"text-align: center;\">7 lost words<\/p>\n<p style=\"text-align: center;\">For 2 Clavichorde, Bassblockfl\u00f6te, and Gambenzuspielung<\/p>\n<p style=\"text-align: center;\">Premiere at <a title=\"http:\/\/www.echoraum.at\/wih2010d.htm\" href=\"http:\/\/www.echoraum.at\/wih2010d.htm\" target=\"_blank\">echoraum wien<\/a> 26.11.2010 with Angelica Castelho, Katharina Klement and Manon Liu Winter<\/p>\n<\/div>\n<\/div>\n<div class=\"wc-shortcodes-accordion-trigger \"><a href=\"#\">2010 &#8211; 8810 for Klarinette and Piano<\/a><\/div>\n<div class=\"wc-shortcodes-accordion-content-wrapper\">\n<div class=\"wc-shortcodes-accordion-content wc-shortcodes-content\">\n<p style=\"text-align: center;\">8810 for Klarinette and Piano<\/p>\n<p style=\"text-align: center;\">Premiere at \u00a0<a title=\"http:\/\/www.echoraum.at\/wih09d.htm\" href=\"http:\/\/www.echoraum.at\/wih09d.htm\" target=\"_blank\">echoraum wien<\/a> with Kai Fagaschinski andManon Liu Winter 28.11.2009<\/p>\n<\/div>\n<\/div>\n<div class=\"wc-shortcodes-accordion-trigger \"><a href=\"#\">2010 &#8211; A Room, for Piano, Clarinet and Bassclarinet<\/a><\/div>\n<div class=\"wc-shortcodes-accordion-content-wrapper\">\n<div class=\"wc-shortcodes-accordion-content wc-shortcodes-content\">\n<p style=\"text-align: center;\">A Room, for Piano, Clarinet and Bassclarinet<\/p>\n<p style=\"text-align: center;\">dedicated to Petra Stump and Heinz Peter Linshalm,\u00a0 commissioned by Stadt Wien<\/p>\n<\/div>\n<\/div>\n<div class=\"wc-shortcodes-accordion-trigger \"><a href=\"#\">2009 &#8211; 2.Wiener Blut, 09<\/a><\/div>\n<div class=\"wc-shortcodes-accordion-content-wrapper\">\n<div class=\"wc-shortcodes-accordion-content wc-shortcodes-content\">\n<p style=\"text-align: center;\">2.Wiener Blut 09<\/p>\n<p>for Solo Trio and Orchester, Miniatur &#8211;\u00a0dedicated to\u00a0 RSO Wien<\/p>\n<p>Ironie\/Hommage. aus<br \/>\nZitat\/Eigenem. aus<br \/>\nWienerisch\/international<br \/>\naus Tradition\/Experiment<\/p>\n<p>Ist in Summe eine Verbeugung vor dem Klangk\u00f6rper Orchester. Mein Beitrag ist der Versuch in 40 Sekunden eine klare Form zu transportieren &#8211; die gleichzeitig \u00fcber das musikalische hinausweist. Der aktionistische Teil der Partitur, der nur in konzertanten Auff\u00fchrungen zum Tragen kommen kann, soll die Doppelb\u00f6digkeit der \u00f6sterreichischen Seele zeigen &#8211; ein Musiker w\u00e4scht sich die H\u00e4nde in Blut. Rhytmisch und genau.<\/p>\n<p><a title=\"http:\/\/oe1.orf.at\/artikel\/219708\" href=\"http:\/\/oe1.orf.at\/artikel\/219708\" target=\"_blank\">Artikel bei \u00d61<\/a><\/p>\n<\/div>\n<\/div>\n<div class=\"wc-shortcodes-accordion-trigger \"><a href=\"#\">For Nam June Paiks Piano<\/a><\/div>\n<div class=\"wc-shortcodes-accordion-content-wrapper\">\n<div class=\"wc-shortcodes-accordion-content wc-shortcodes-content\">\n<p>Musik: Manon Liu Winter<\/p>\n<p>Video: Michael Krupica anschauen auf <a href=\"http:\/\/www.youtube.com\/embed\/8XcoJEBXm90\" target=\"_blank\">YouTube<\/a> (Dauer 7:52 min)<\/p>\n<p>Das Tonmaterial stammt ausschlie\u00dflich aus dem Paik Klavier, sehr nah aufgenommen ohne zus\u00e4tzlicher Effekte wie Hall oder Frequenz Filter, da ich den Originalklang des Instruments m\u00f6glichst genau verwenden wollte. Das St\u00fcck ist formal als Endlosschleife konzipiert ( a &#8211; b &#8211; c &#8211; b\u00b4- a\u00b4) &#8211; das Ende f\u00fchrt zum Anfang zur\u00fcck.<\/p>\n<p>Das von Paik zerst\u00f6rte Symbol-Instrument f\u00fcr (klein)b\u00fcrgerliche Harmonie, l\u00e4ngst zum Neuanfang geworden, befreit von der Enge 12 t\u00f6niger Systeme, sowohl Kunstobjekt als auch Klangk\u00f6rper, individuell, einzigartig, poetisch provokant. Das poetische wie das brachiale habe ich versucht h\u00f6rbar zu machen.<\/p>\n<\/div>\n<\/div>\n<div class=\"wc-shortcodes-accordion-trigger \"><a href=\"#\">PLAYER_PIANO<\/a><\/div>\n<div class=\"wc-shortcodes-accordion-content-wrapper\">\n<div class=\"wc-shortcodes-accordion-content wc-shortcodes-content\">\n<p style=\"text-align: center;\"><strong>PLAYER_PIANO (Mozart meets Nancarrow)<\/strong><\/p>\n<p>In PLAYER_PIANO sind die Zuspielungen aus reiner Klaviermusik entstanden, die digi- tal verdichtet zu einer Form komponiert sind, welche vage Ankl\u00e4nge an klassische So- natenformen aufweist. So gibt es ein Dualit\u00e4tsprinzip, dass sich zwar nicht auf die Tonalit\u00e4t bezieht sondern auf &#8220;an Tasten&#8221; versus &#8220;im Innenraum&#8221;. Durch das Auftreten einer Reprise mit anschlie\u00dfender Coda jedoch eine kleine Referenz an fr\u00fche Kompo- nierpraxis des 18.Jhdts aufweist. Die Verdichtung und Komplexit\u00e4t, also das \u00e4ussere Klangerscheinungsbild, bis hin zu starker Virtuosit\u00e4t l\u00e4sst an Nancarrows player piano erinnern, wobei die Einbeziehung des Fl\u00fcgelinnenraums auch diese Referenz als his- torische erscheinen l\u00e4sst.<\/p>\n<\/div>\n<\/div>\n<div class=\"wc-shortcodes-accordion-trigger \"><a href=\"#\">PFERDEDUNKEL<\/a><\/div>\n<div class=\"wc-shortcodes-accordion-content-wrapper\">\n<div class=\"wc-shortcodes-accordion-content wc-shortcodes-content\">\n<p style=\"text-align: center;\"><strong>PFERDEDUNKEL solo-piano &amp; zuspielungen<\/strong><\/p>\n<p>&#8220;die pferdedunkle &#8230;wenn ein Mensch zu ihr redet und eine Antwort erwartet, ver- schl\u00e4gt es ihr die Sprache&#8230; Sie sch\u00e4mt sich aller Worte, die andere so leicht sagen&#8230; auf Worte, die noch nicht gesagt sind, vorbereiten &#8230;<br \/>\nAber niemand g\u00f6nnt ihr die Zeit dazu &#8230; immer sind es rohe und gezielte Formeln, die ihr wie harte, kleine Steine aufs Gesicht prasseln und es verletzen&#8230;. Die Pferdedunkle rettet sich in den Stall zu Pferden&#8230;&#8221;<br \/>\n<em>Elias Canetti, Der Ohrenzeuge<\/em><\/p>\n<p>PFERDEDUNKEL ist eine assoziative ann\u00e4herung an Canettis Text anl\u00e4sslich des Canetti-Festes am Kleylehof, Burgenland .wohin retten wir uns? heute? juni 2005? &#8211; die wir st\u00e4ndig von rohen formeln zugem\u00fcllt werden , von flachem verlogenem geplapper in allen farben verbogen und verkauft nicht mehr zeit zum durchatmen, aufsichh\u00f6ren, ficken oder lieben haben?<br \/>\nDauer 20 min<\/p>\n<\/div>\n<\/div>\n<div class=\"wc-shortcodes-accordion-trigger \"><a href=\"#\">Zeitschnitte\/ TRAINS<\/a><\/div>\n<div class=\"wc-shortcodes-accordion-content-wrapper\">\n<div class=\"wc-shortcodes-accordion-content wc-shortcodes-content\">\n<p style=\"text-align: center;\"><strong>Zeitschnitte\/ TRAINS prepared piano &amp; environmental sounds | solo-piano &amp; zuspielungen<\/strong><\/p>\n<p>Trains as sound generator&#8230; bringing one&#8217;s memory on track. We are always moving in time and space. Trains are like symbols of this, bringing distant places nearer and on the other hand different times. When I am hearing trains like the pacific line, with four engines and about 100 carriages, it pushes me back and forth &#8211; into the past and the future simultaneously. One may hear the train coming and going at one time and that&#8217;s pretty philosophical. In the end of this piece strange sounds are driving us into another existence, like in the end of a strange journey.<br \/>\nDauer 28 min<\/p>\n<\/div>\n<\/div>\n<div class=\"wc-shortcodes-accordion-trigger \"><a href=\"#\">INSITE<\/a><\/div>\n<div class=\"wc-shortcodes-accordion-content-wrapper\">\n<div class=\"wc-shortcodes-accordion-content wc-shortcodes-content\">\n<p style=\"text-align: center;\"><strong>INSITE piano &amp; environmental sounds<\/strong><\/p>\n<p style=\"text-align: center;\">aus den environmental sounds rundum der niagara falls tauchen fetzen der klassischen vergangenheit &#8211; edvard griegs klaviersonate op.7 &#8211; auf;<br \/>\ndie inneren klangbilder werden mit den \u00e4usseren verwoben und vernetzt.<\/p>\n<p style=\"text-align: center;\">Dauer 12 min.<\/p>\n<\/div>\n<\/div>\n<div class=\"wc-shortcodes-accordion-trigger \"><a href=\"#\">ZEITSCHNITTE<\/a><\/div>\n<div class=\"wc-shortcodes-accordion-content-wrapper\">\n<div class=\"wc-shortcodes-accordion-content wc-shortcodes-content\">\n<p style=\"text-align: center;\"><strong>ZEITSCHNITTE piano &amp; environmental sounds<\/strong><\/p>\n<p style=\"text-align: center;\">schnitte ins gedaechtnis<\/p>\n<p style=\"text-align: center;\">durch-fahren: santiago de cuba, istanbul, berlin, auch wien;<\/p>\n<p style=\"text-align: center;\">ich h\u00f6re und taste mich nach unbekanntem ab.<br \/>\nreibend bis aufgerieben \/ schnitt \/ vorgreifen in die zeit als erinnerung ans jetzt \/ stimmen\/<br \/>\naufnahmen aus havanna, santiago de cuba, istanbul, wien h\u00fctteldorf, berlin kreuzberg<br \/>\nDauer 23 min<\/p>\n<\/div>\n<\/div>\n<div class=\"wc-shortcodes-accordion-trigger \"><a href=\"#\">In Zusammenarbeit mit Katharina Klement \/ AREALE<\/a><\/div>\n<div class=\"wc-shortcodes-accordion-content-wrapper\">\n<div class=\"wc-shortcodes-accordion-content wc-shortcodes-content\">\n<p style=\"text-align: center;\"><strong>AREALE f\u00fcr 2 Klaviere und 4Kanal-Zuspielung<\/strong><\/p>\n<p>AREALE entstand im Rahmen des Donaufestivals 2004; Ausgangspunkt war die klang- liche Vermessung des architektonischen Raums der Minoritenkirche Krems\/ Stein aus dem 13.Jhdt. mit zwei Klavieren. Der Kirchenraum und die beiden Klavierr\u00e4ume bil- deten den Raster des kompositorischen Plans sowie das Terrain f\u00fcr improvisatorische Erforschung. Obwohl die Arbeit einem bestimmten architektonischen Raum auf den Leib geschrieben ist, entstehen bei Auff\u00fchrungen in anderen R\u00e4umen immer wieder aufs neue reale Areale.<br \/>\nDies ergibt sich durch die digitale Transformation von analogem Klangmaterial, durch das live-Spiel auf den mechanisch und elektronisch pr\u00e4parierten Instrumenten, und durch die \u00dcbertragung aller Kl\u00e4nge via Lautsprecher. Die Architektur der Klangquellen am jeweiligen Auff\u00fchrungsort und die individuelle pianistische Handhabe der beiden Musikerinnen in der jeweiligen Auff\u00fchrungssituation tasten den aktuell bespielten Raum ab, kosten und loten ihn in alle Richtungen aus.<br \/>\nSo ver\u00e4ndert der strenge Bauplan der Zuspielungen, die Wahrnehmung des Raumes, wie auch umgekehrt jeder Raum die Improvisation und die Wahrnehmung der Kl\u00e4nge ver\u00e4ndert.<br \/>\nDauer 53 min.<\/p>\n<\/div>\n<\/div>\n<div class=\"wc-shortcodes-accordion-trigger \"><a href=\"#\">In Zusammenarbeit mit Klaus Hollinetz \/ SOUND FISHING<\/a><\/div>\n<div class=\"wc-shortcodes-accordion-content-wrapper\">\n<div class=\"wc-shortcodes-accordion-content wc-shortcodes-content\">\n<p style=\"text-align: center;\"><strong>SOUND FISHING f\u00fcr Klavier, Elektronik und Multikanaler Klangprojektion<\/strong><\/p>\n<p style=\"text-align: center;\">und Du beugst Dich \u00fcber den Teich<br \/>\nin dem sich der Himmel und die Wolken spiegeln<br \/>\nin dessen Gew\u00e4ssern auch<br \/>\nSchemen in gro\u00dfer Tiefe sichtbar werden<br \/>\ngleitende Kl\u00e4nge, ein<br \/>\nIneinanderflie\u00dfen<br \/>\ndie H\u00e4nde<br \/>\ngreifen<br \/>\nhinein<\/p>\n<p>auf der Suche nach Unverbrauchtem wird das klingende Material eines Fl\u00fcgel-Innenraums durch algorithmische Prozesse verdichtet, zerdehnt, verschoben &#8211; zu hochkomplexen strukturen verflochten &#8211; quasi aus dem Wohnzimmer in die Atmosph\u00e4re ge- schleudert. In der Performance wird diese artifizielle Welt dann wieder mit der alten Physik, mit dem physisch gesteuerten Klang verbunden. Zeitloses verschr\u00e4nkt sich mit linearem Zeitgef\u00fchl.<br \/>\nDauer 46 min<\/p>\n<\/div>\n<\/div>\n<div class=\"wc-shortcodes-accordion-trigger \"><a href=\"#\">In Zusammenarbeit mit Michael Edwards \/ MM<\/a><\/div>\n<div class=\"wc-shortcodes-accordion-content-wrapper\">\n<div class=\"wc-shortcodes-accordion-content wc-shortcodes-content\">\n<p style=\"text-align: center;\"><strong>MM f\u00fcr Clavichord und live-Electronics<\/strong><\/p>\n<p>W\u00e4hrend des 10. Komponistenforums Mittersill entstanden, ein Versuch das Clavichord mittels Live-Electronics in neue Klangwelten zu katapultieren; das historische vollkommen hinter sich lassend im schwerelosen Raum endlose Klangf\u00e4den zu dichten Klangfl\u00e4chen spinnend.<br \/>\nDauer 10 min.<br \/>\nAuf: ein_klang records 019, 2005<\/p>\n<p>Klangbeispiele und weitere Infos findet man auf der Seite von <a href=\"http:\/\/www.sumtone.com\/work.php?workid=169\" target=\"_blank\">sumtone<\/a><\/p>\n<\/div>\n<\/div>\n<\/div>\n","protected":false},"excerpt":{"rendered":"<p>2012 &#8211; INSITE 4 INSITE 4 15 min Piano solo and prerecorded sounds The Anonymous Zone 2011 &#8211; 7 lost words 7 lost words For 2 Clavichorde, Bassblockfl\u00f6te, and Gambenzuspielung [&hellip;]<\/p>\n","protected":false},"author":1,"featured_media":0,"parent":0,"menu_order":0,"comment_status":"closed","ping_status":"closed","template":"templates\/template-fullwidth.php","meta":{"footnotes":""},"class_list":["post-103","page","type-page","status-publish","hentry"],"_links":{"self":[{"href":"http:\/\/manonliuwinter.at\/en\/wp-json\/wp\/v2\/pages\/103","targetHints":{"allow":["GET"]}}],"collection":[{"href":"http:\/\/manonliuwinter.at\/en\/wp-json\/wp\/v2\/pages"}],"about":[{"href":"http:\/\/manonliuwinter.at\/en\/wp-json\/wp\/v2\/types\/page"}],"author":[{"embeddable":true,"href":"http:\/\/manonliuwinter.at\/en\/wp-json\/wp\/v2\/users\/1"}],"replies":[{"embeddable":true,"href":"http:\/\/manonliuwinter.at\/en\/wp-json\/wp\/v2\/comments?post=103"}],"version-history":[{"count":1,"href":"http:\/\/manonliuwinter.at\/en\/wp-json\/wp\/v2\/pages\/103\/revisions"}],"predecessor-version":[{"id":316,"href":"http:\/\/manonliuwinter.at\/en\/wp-json\/wp\/v2\/pages\/103\/revisions\/316"}],"wp:attachment":[{"href":"http:\/\/manonliuwinter.at\/en\/wp-json\/wp\/v2\/media?parent=103"}],"curies":[{"name":"wp","href":"https:\/\/api.w.org\/{rel}","templated":true}]}}